{"id":1274,"date":"2019-09-18T17:52:22","date_gmt":"2019-09-18T15:52:22","guid":{"rendered":"http:\/\/jakeouvina.com\/jake\/?page_id=1274"},"modified":"2019-11-16T12:12:50","modified_gmt":"2019-11-16T11:12:50","slug":"art-stuff","status":"publish","type":"page","link":"http:\/\/jakeouvina.com\/jake\/index.php\/art-stuff\/","title":{"rendered":"Art Stuff"},"content":{"rendered":"\n<div class=\"wp-block-image\"><figure class=\"aligncenter\"><a href=\"http:\/\/jakeouvina.com\/jake\/index.php\/project-type\/painting\/\"><img loading=\"lazy\" decoding=\"async\" width=\"800\" height=\"200\" data-attachment-id=\"450\" data-permalink=\"http:\/\/jakeouvina.com\/jake\/index.php\/home\/menupainting\/\" data-orig-file=\"http:\/\/jakeouvina.com\/jake\/wp-content\/uploads\/2018\/06\/MenuPainting.jpg\" data-orig-size=\"800,200\" data-comments-opened=\"0\" data-image-meta=\"{&quot;aperture&quot;:&quot;0&quot;,&quot;credit&quot;:&quot;&quot;,&quot;camera&quot;:&quot;&quot;,&quot;caption&quot;:&quot;&quot;,&quot;created_timestamp&quot;:&quot;0&quot;,&quot;copyright&quot;:&quot;&quot;,&quot;focal_length&quot;:&quot;0&quot;,&quot;iso&quot;:&quot;0&quot;,&quot;shutter_speed&quot;:&quot;0&quot;,&quot;title&quot;:&quot;&quot;,&quot;orientation&quot;:&quot;1&quot;}\" data-image-title=\"Menu Painting\" data-image-description=\"\" data-image-caption=\"\" data-large-file=\"http:\/\/jakeouvina.com\/jake\/wp-content\/uploads\/2018\/06\/MenuPainting.jpg\" src=\"http:\/\/jakeouvina.com\/jake\/wp-content\/uploads\/2018\/06\/MenuPainting.jpg\" alt=\"Menu Painting\" class=\"wp-image-450\" srcset=\"http:\/\/jakeouvina.com\/jake\/wp-content\/uploads\/2018\/06\/MenuPainting.jpg 800w, http:\/\/jakeouvina.com\/jake\/wp-content\/uploads\/2018\/06\/MenuPainting-300x75.jpg 300w, http:\/\/jakeouvina.com\/jake\/wp-content\/uploads\/2018\/06\/MenuPainting-768x192.jpg 768w, http:\/\/jakeouvina.com\/jake\/wp-content\/uploads\/2018\/06\/MenuPainting-400x100.jpg 400w\" sizes=\"auto, (max-width: 800px) 100vw, 800px\" \/><\/a><\/figure><\/div>\n\n\n\n<div class=\"wp-block-image\"><figure class=\"aligncenter\"><a href=\"http:\/\/jakeouvina.com\/jake\/index.php\/project-type\/sculpture\/\"><img loading=\"lazy\" decoding=\"async\" width=\"800\" height=\"200\" data-attachment-id=\"621\" data-permalink=\"http:\/\/jakeouvina.com\/jake\/index.php\/home\/menusculpture-2\/\" data-orig-file=\"http:\/\/jakeouvina.com\/jake\/wp-content\/uploads\/2018\/07\/MenuSculpture.jpg\" data-orig-size=\"800,200\" data-comments-opened=\"0\" data-image-meta=\"{&quot;aperture&quot;:&quot;0&quot;,&quot;credit&quot;:&quot;&quot;,&quot;camera&quot;:&quot;&quot;,&quot;caption&quot;:&quot;&quot;,&quot;created_timestamp&quot;:&quot;0&quot;,&quot;copyright&quot;:&quot;&quot;,&quot;focal_length&quot;:&quot;0&quot;,&quot;iso&quot;:&quot;0&quot;,&quot;shutter_speed&quot;:&quot;0&quot;,&quot;title&quot;:&quot;&quot;,&quot;orientation&quot;:&quot;1&quot;}\" data-image-title=\"MenuSculpture\" data-image-description=\"\" data-image-caption=\"\" data-large-file=\"http:\/\/jakeouvina.com\/jake\/wp-content\/uploads\/2018\/07\/MenuSculpture.jpg\" src=\"http:\/\/jakeouvina.com\/jake\/wp-content\/uploads\/2018\/07\/MenuSculpture.jpg\" alt=\"\" class=\"wp-image-621\" srcset=\"http:\/\/jakeouvina.com\/jake\/wp-content\/uploads\/2018\/07\/MenuSculpture.jpg 800w, http:\/\/jakeouvina.com\/jake\/wp-content\/uploads\/2018\/07\/MenuSculpture-300x75.jpg 300w, http:\/\/jakeouvina.com\/jake\/wp-content\/uploads\/2018\/07\/MenuSculpture-768x192.jpg 768w, http:\/\/jakeouvina.com\/jake\/wp-content\/uploads\/2018\/07\/MenuSculpture-400x100.jpg 400w\" sizes=\"auto, (max-width: 800px) 100vw, 800px\" \/><\/a><\/figure><\/div>\n\n\n\n<div class=\"wp-block-image\"><figure class=\"aligncenter\"><a href=\"http:\/\/jakeouvina.com\/jake\/index.php\/project-type\/photography\/\"><img loading=\"lazy\" decoding=\"async\" width=\"800\" height=\"200\" data-attachment-id=\"455\" data-permalink=\"http:\/\/jakeouvina.com\/jake\/index.php\/home\/menuphotography\/\" data-orig-file=\"http:\/\/jakeouvina.com\/jake\/wp-content\/uploads\/2018\/06\/MenuPhotography.jpg\" data-orig-size=\"800,200\" data-comments-opened=\"0\" data-image-meta=\"{&quot;aperture&quot;:&quot;0&quot;,&quot;credit&quot;:&quot;&quot;,&quot;camera&quot;:&quot;&quot;,&quot;caption&quot;:&quot;&quot;,&quot;created_timestamp&quot;:&quot;0&quot;,&quot;copyright&quot;:&quot;&quot;,&quot;focal_length&quot;:&quot;0&quot;,&quot;iso&quot;:&quot;0&quot;,&quot;shutter_speed&quot;:&quot;0&quot;,&quot;title&quot;:&quot;&quot;,&quot;orientation&quot;:&quot;1&quot;}\" data-image-title=\"MenuPhotography\" data-image-description=\"\" data-image-caption=\"\" data-large-file=\"http:\/\/jakeouvina.com\/jake\/wp-content\/uploads\/2018\/06\/MenuPhotography.jpg\" src=\"http:\/\/jakeouvina.com\/jake\/wp-content\/uploads\/2018\/06\/MenuPhotography.jpg\" alt=\"MenuPhotography\" class=\"wp-image-455\" srcset=\"http:\/\/jakeouvina.com\/jake\/wp-content\/uploads\/2018\/06\/MenuPhotography.jpg 800w, http:\/\/jakeouvina.com\/jake\/wp-content\/uploads\/2018\/06\/MenuPhotography-300x75.jpg 300w, http:\/\/jakeouvina.com\/jake\/wp-content\/uploads\/2018\/06\/MenuPhotography-768x192.jpg 768w, http:\/\/jakeouvina.com\/jake\/wp-content\/uploads\/2018\/06\/MenuPhotography-400x100.jpg 400w\" sizes=\"auto, (max-width: 800px) 100vw, 800px\" \/><\/a><\/figure><\/div>\n\n\n\n<div class=\"wp-block-image\"><figure class=\"aligncenter\"><a href=\"http:\/\/jakeouvina.com\/jake\/index.php\/project-type\/urban-art\/\"><img loading=\"lazy\" decoding=\"async\" width=\"800\" height=\"200\" data-attachment-id=\"458\" data-permalink=\"http:\/\/jakeouvina.com\/jake\/index.php\/home\/menuurbanart\/\" data-orig-file=\"http:\/\/jakeouvina.com\/jake\/wp-content\/uploads\/2018\/06\/MenuUrbanArt.jpg\" data-orig-size=\"800,200\" data-comments-opened=\"0\" data-image-meta=\"{&quot;aperture&quot;:&quot;0&quot;,&quot;credit&quot;:&quot;&quot;,&quot;camera&quot;:&quot;&quot;,&quot;caption&quot;:&quot;&quot;,&quot;created_timestamp&quot;:&quot;0&quot;,&quot;copyright&quot;:&quot;&quot;,&quot;focal_length&quot;:&quot;0&quot;,&quot;iso&quot;:&quot;0&quot;,&quot;shutter_speed&quot;:&quot;0&quot;,&quot;title&quot;:&quot;&quot;,&quot;orientation&quot;:&quot;1&quot;}\" data-image-title=\"MenuUrbanArt\" data-image-description=\"\" data-image-caption=\"\" data-large-file=\"http:\/\/jakeouvina.com\/jake\/wp-content\/uploads\/2018\/06\/MenuUrbanArt.jpg\" src=\"http:\/\/jakeouvina.com\/jake\/wp-content\/uploads\/2018\/06\/MenuUrbanArt.jpg\" alt=\"MenuUrbanArt\" class=\"wp-image-458\" srcset=\"http:\/\/jakeouvina.com\/jake\/wp-content\/uploads\/2018\/06\/MenuUrbanArt.jpg 800w, http:\/\/jakeouvina.com\/jake\/wp-content\/uploads\/2018\/06\/MenuUrbanArt-300x75.jpg 300w, http:\/\/jakeouvina.com\/jake\/wp-content\/uploads\/2018\/06\/MenuUrbanArt-768x192.jpg 768w, http:\/\/jakeouvina.com\/jake\/wp-content\/uploads\/2018\/06\/MenuUrbanArt-400x100.jpg 400w\" sizes=\"auto, (max-width: 800px) 100vw, 800px\" \/><\/a><\/figure><\/div>\n\n\n\n<div class=\"wp-block-image\"><figure class=\"aligncenter\"><a href=\"http:\/\/jakeouvina.com\/jake\/index.php\/project-type\/illustration\/\"><img loading=\"lazy\" decoding=\"async\" width=\"800\" height=\"200\" data-attachment-id=\"459\" data-permalink=\"http:\/\/jakeouvina.com\/jake\/index.php\/home\/menuillustration\/\" data-orig-file=\"http:\/\/jakeouvina.com\/jake\/wp-content\/uploads\/2018\/06\/MenuIllustration.jpg\" data-orig-size=\"800,200\" data-comments-opened=\"0\" data-image-meta=\"{&quot;aperture&quot;:&quot;0&quot;,&quot;credit&quot;:&quot;&quot;,&quot;camera&quot;:&quot;&quot;,&quot;caption&quot;:&quot;&quot;,&quot;created_timestamp&quot;:&quot;0&quot;,&quot;copyright&quot;:&quot;&quot;,&quot;focal_length&quot;:&quot;0&quot;,&quot;iso&quot;:&quot;0&quot;,&quot;shutter_speed&quot;:&quot;0&quot;,&quot;title&quot;:&quot;&quot;,&quot;orientation&quot;:&quot;1&quot;}\" data-image-title=\"MenuIllustration\" data-image-description=\"\" data-image-caption=\"\" data-large-file=\"http:\/\/jakeouvina.com\/jake\/wp-content\/uploads\/2018\/06\/MenuIllustration.jpg\" src=\"http:\/\/jakeouvina.com\/jake\/wp-content\/uploads\/2018\/06\/MenuIllustration.jpg\" alt=\"MenuIllustration\" class=\"wp-image-459\" srcset=\"http:\/\/jakeouvina.com\/jake\/wp-content\/uploads\/2018\/06\/MenuIllustration.jpg 800w, http:\/\/jakeouvina.com\/jake\/wp-content\/uploads\/2018\/06\/MenuIllustration-300x75.jpg 300w, http:\/\/jakeouvina.com\/jake\/wp-content\/uploads\/2018\/06\/MenuIllustration-768x192.jpg 768w, http:\/\/jakeouvina.com\/jake\/wp-content\/uploads\/2018\/06\/MenuIllustration-400x100.jpg 400w\" sizes=\"auto, (max-width: 800px) 100vw, 800px\" \/><\/a><\/figure><\/div>\n","protected":false},"excerpt":{"rendered":"","protected":false},"author":1,"featured_media":0,"parent":0,"menu_order":0,"comment_status":"closed","ping_status":"closed","template":"","meta":{"jetpack_post_was_ever_published":false,"footnotes":""},"class_list":["post-1274","page","type-page","status-publish","hentry","empty-entry-meta"],"jetpack_sharing_enabled":true,"jetpack_shortlink":"https:\/\/wp.me\/P88Sqg-ky","jetpack-related-posts":[{"id":709,"url":"http:\/\/jakeouvina.com\/jake\/index.php\/support\/","url_meta":{"origin":1274,"position":0},"title":"Support","author":"Jake","date":"August 15, 2018","format":false,"excerpt":"\u00a0 If you would like to support my art, you can find me on Patreon: patreon.com\/jakeouvina","rel":"","context":"Similar post","block_context":{"text":"Similar post","link":""},"img":{"alt_text":"Patreon Jake Ouvi\u00f1a","src":"https:\/\/i0.wp.com\/jakeouvina.com\/jake\/wp-content\/uploads\/2018\/08\/patreon-1024x713.png?resize=350%2C200","width":350,"height":200,"srcset":"https:\/\/i0.wp.com\/jakeouvina.com\/jake\/wp-content\/uploads\/2018\/08\/patreon-1024x713.png?resize=350%2C200 1x, https:\/\/i0.wp.com\/jakeouvina.com\/jake\/wp-content\/uploads\/2018\/08\/patreon-1024x713.png?resize=525%2C300 1.5x, https:\/\/i0.wp.com\/jakeouvina.com\/jake\/wp-content\/uploads\/2018\/08\/patreon-1024x713.png?resize=700%2C400 2x"},"classes":[]},{"id":516,"url":"http:\/\/jakeouvina.com\/jake\/index.php\/bio-exhibitions\/","url_meta":{"origin":1274,"position":1},"title":"Bio &#8211; Exhibitions","author":"Jake","date":"July 11, 2018","format":false,"excerpt":"Biography | Biograf\u00eda Jacobo Ouvi\u00f1a L\u00f3pez was born in 1987, in a family where art has always been very valued. He grew up surrounded by representative paintings of the El Paso movement and the Cuenca School, hanging in the walls of his grandparents. He was imbued with the aesthetic of\u2026","rel":"","context":"Similar post","block_context":{"text":"Similar post","link":""},"img":{"alt_text":"","src":"","width":0,"height":0},"classes":[]}],"_links":{"self":[{"href":"http:\/\/jakeouvina.com\/jake\/index.php\/wp-json\/wp\/v2\/pages\/1274","targetHints":{"allow":["GET"]}}],"collection":[{"href":"http:\/\/jakeouvina.com\/jake\/index.php\/wp-json\/wp\/v2\/pages"}],"about":[{"href":"http:\/\/jakeouvina.com\/jake\/index.php\/wp-json\/wp\/v2\/types\/page"}],"author":[{"embeddable":true,"href":"http:\/\/jakeouvina.com\/jake\/index.php\/wp-json\/wp\/v2\/users\/1"}],"replies":[{"embeddable":true,"href":"http:\/\/jakeouvina.com\/jake\/index.php\/wp-json\/wp\/v2\/comments?post=1274"}],"version-history":[{"count":2,"href":"http:\/\/jakeouvina.com\/jake\/index.php\/wp-json\/wp\/v2\/pages\/1274\/revisions"}],"predecessor-version":[{"id":1371,"href":"http:\/\/jakeouvina.com\/jake\/index.php\/wp-json\/wp\/v2\/pages\/1274\/revisions\/1371"}],"wp:attachment":[{"href":"http:\/\/jakeouvina.com\/jake\/index.php\/wp-json\/wp\/v2\/media?parent=1274"}],"curies":[{"name":"wp","href":"https:\/\/api.w.org\/{rel}","templated":true}]}}