{"id":1383,"date":"2019-12-30T16:05:23","date_gmt":"2019-12-30T15:05:23","guid":{"rendered":"http:\/\/jakeouvina.com\/jake\/?page_id=1383"},"modified":"2019-12-30T16:22:59","modified_gmt":"2019-12-30T15:22:59","slug":"video-games","status":"publish","type":"page","link":"http:\/\/jakeouvina.com\/jake\/index.php\/video-games\/","title":{"rendered":"Video Games"},"content":{"rendered":"\n<p> [portfolio  include_type= videogame] <\/p>\n","protected":false},"excerpt":{"rendered":"<p>[portfolio include_type= videogame]<\/p>\n","protected":false},"author":1,"featured_media":0,"parent":0,"menu_order":0,"comment_status":"closed","ping_status":"closed","template":"","meta":{"jetpack_post_was_ever_published":false,"footnotes":""},"class_list":["post-1383","page","type-page","status-publish","hentry","empty-entry-meta"],"jetpack_sharing_enabled":true,"jetpack_shortlink":"https:\/\/wp.me\/P88Sqg-mj","jetpack-related-posts":[{"id":1287,"url":"http:\/\/jakeouvina.com\/jake\/index.php\/maker-things\/","url_meta":{"origin":1383,"position":0},"title":"Maker Things","author":"Jake","date":"September 18, 2019","format":false,"excerpt":"[portfolio include_type= maker]","rel":"","context":"Similar post","block_context":{"text":"Similar post","link":""},"img":{"alt_text":"","src":"","width":0,"height":0},"classes":[]},{"id":1381,"url":"http:\/\/jakeouvina.com\/jake\/index.php\/3d-models\/","url_meta":{"origin":1383,"position":1},"title":"3D Models","author":"Jake","date":"December 30, 2019","format":false,"excerpt":"[portfolio include_type= 3dmodel]","rel":"","context":"Similar post","block_context":{"text":"Similar post","link":""},"img":{"alt_text":"","src":"","width":0,"height":0},"classes":[]},{"id":2,"url":"http:\/\/jakeouvina.com\/jake\/index.php\/portfolio\/","url_meta":{"origin":1383,"position":2},"title":"Portfolio","author":"Jake","date":"November 23, 2016","format":false,"excerpt":"","rel":"","context":"Similar post","block_context":{"text":"Similar post","link":""},"img":{"alt_text":"","src":"","width":0,"height":0},"classes":[]},{"id":1285,"url":"http:\/\/jakeouvina.com\/jake\/index.php\/game-dev\/","url_meta":{"origin":1383,"position":3},"title":"Game Dev","author":"Jake","date":"September 18, 2019","format":false,"excerpt":"","rel":"","context":"Similar post","block_context":{"text":"Similar post","link":""},"img":{"alt_text":"3D Models","src":"https:\/\/i0.wp.com\/jakeouvina.com\/jake\/wp-content\/uploads\/2019\/12\/3DModels.png?resize=350%2C200","width":350,"height":200,"srcset":"https:\/\/i0.wp.com\/jakeouvina.com\/jake\/wp-content\/uploads\/2019\/12\/3DModels.png?resize=350%2C200 1x, https:\/\/i0.wp.com\/jakeouvina.com\/jake\/wp-content\/uploads\/2019\/12\/3DModels.png?resize=525%2C300 1.5x, https:\/\/i0.wp.com\/jakeouvina.com\/jake\/wp-content\/uploads\/2019\/12\/3DModels.png?resize=700%2C400 2x"},"classes":[]},{"id":516,"url":"http:\/\/jakeouvina.com\/jake\/index.php\/bio-exhibitions\/","url_meta":{"origin":1383,"position":4},"title":"Bio &#8211; Exhibitions","author":"Jake","date":"July 11, 2018","format":false,"excerpt":"Biography | Biograf\u00eda Jacobo Ouvi\u00f1a L\u00f3pez was born in 1987, in a family where art has always been very valued. He grew up surrounded by representative paintings of the El Paso movement and the Cuenca School, hanging in the walls of his grandparents. He was imbued with the aesthetic of\u2026","rel":"","context":"Similar post","block_context":{"text":"Similar post","link":""},"img":{"alt_text":"","src":"","width":0,"height":0},"classes":[]}],"_links":{"self":[{"href":"http:\/\/jakeouvina.com\/jake\/index.php\/wp-json\/wp\/v2\/pages\/1383","targetHints":{"allow":["GET"]}}],"collection":[{"href":"http:\/\/jakeouvina.com\/jake\/index.php\/wp-json\/wp\/v2\/pages"}],"about":[{"href":"http:\/\/jakeouvina.com\/jake\/index.php\/wp-json\/wp\/v2\/types\/page"}],"author":[{"embeddable":true,"href":"http:\/\/jakeouvina.com\/jake\/index.php\/wp-json\/wp\/v2\/users\/1"}],"replies":[{"embeddable":true,"href":"http:\/\/jakeouvina.com\/jake\/index.php\/wp-json\/wp\/v2\/comments?post=1383"}],"version-history":[{"count":3,"href":"http:\/\/jakeouvina.com\/jake\/index.php\/wp-json\/wp\/v2\/pages\/1383\/revisions"}],"predecessor-version":[{"id":1394,"href":"http:\/\/jakeouvina.com\/jake\/index.php\/wp-json\/wp\/v2\/pages\/1383\/revisions\/1394"}],"wp:attachment":[{"href":"http:\/\/jakeouvina.com\/jake\/index.php\/wp-json\/wp\/v2\/media?parent=1383"}],"curies":[{"name":"wp","href":"https:\/\/api.w.org\/{rel}","templated":true}]}}